{"id":13,"date":"2012-05-02T16:57:53","date_gmt":"2012-05-02T19:57:53","guid":{"rendered":"http:\/\/primogenito.com.br\/br\/?page_id=13"},"modified":"2012-05-02T17:04:10","modified_gmt":"2012-05-02T20:04:10","slug":"primogenito","status":"publish","type":"page","link":"https:\/\/www.primogenito.com.br\/br\/primogenito\/","title":{"rendered":"O que \u00e9 Primog\u00eanito"},"content":{"rendered":"<p><strong>O significado da palavra Primog\u00eanito<br \/>\n<\/strong>PRIMO deriva do substantivo PRIMOR que significa PRIMEIRO.<br \/>\nGENITO deriva do verbo GERAR.<\/p>\n<p>PRIMO+GENITO = PRIMEIRO A SER GERADO POR ALGU\u00c9M<\/p>\n<p>Acontece que em muitas culturas cabia ao primeiro filho homem herdar as coisas do pai (veja por exemplo o caso dos reis e pr\u00edncipes).<\/p>\n<p>De certa forma, o primog\u00eanito era o filho com mais direitos, al\u00e9m de ser o mais esperado por todos.<\/p>\n<p><strong>Primogenitura<\/strong><br \/>\nPrimogenitura \u00e9 a tradi\u00e7\u00e3o comum de heran\u00e7a de toda a riqueza, estado ou fun\u00e7\u00e3o dos pais pelo primeiro filho; ou, na falta de uma crian\u00e7a, por parentes pr\u00f3ximos, de forma a manter o status da linhagem familiar.<\/p>\n<p>Segundo a B\u00edblia, tanto a primeira cria de um animal, como os primeiros frutos das \u00e1rvores deviam ser oferecidos ao Senhor no santu\u00e1rio, em agradecimento pelo dom da vida. A mesma lei se aplicava ao primeiro filho do casal: ele era considerado propriedade do Senhor (Ex 13,2; 22,29). Mas como sacrif\u00edcios humanos eram severamente proibidos, os pais, depois de oferecer o menino no templo, o resgatavam mediante uma oferta material. Esse costume devia lembrar aos israelitas a noite do \u00eaxodo, quando Deus fez morrer os primog\u00eanitos dos eg\u00edpcios, ao passo que preservou os filhos dos israelitas (Ex 12,29). Tamb\u00e9m Jesus, ao completar os oito dias para ser circuncidado, foi levado ao templo por seus pais, oferecido ao Senhor e em seguida resgatado (Lc 2,28s; cf. Ex 13,12s e nota).<\/p>\n<p>Ao filho primog\u00eanito cabiam os direitos de primogenitura, como dupla heran\u00e7a (Dt 21,17), supremacia entre os irm\u00e3os e chefia da fam\u00edlia (Gn 27,29.40; 49,8). Mas \u00e0s vezes, como no caso de Jac\u00f3 e de Jud\u00e1 (27,30-37; 49,4-8), este direito n\u00e3o foi respeitado.<\/p>\n<p>Jesus \u00e9 chamado &#8220;primog\u00eanito de toda criatura&#8221; (Cl 1,15; Hb 1,6) em raz\u00e3o da supremacia que o Pai lhe concedeu entre os homens (Rm 8,29).<\/p>\n","protected":false},"excerpt":{"rendered":"<p>O significado da palavra Primog\u00eanito PRIMO deriva do substantivo PRIMOR que significa PRIMEIRO. GENITO deriva do verbo GERAR. PRIMO+GENITO = PRIMEIRO A SER GERADO POR ALGU\u00c9M Acontece que em muitas<\/p>\n","protected":false},"author":1,"featured_media":0,"parent":0,"menu_order":1,"comment_status":"open","ping_status":"open","template":"","meta":{"footnotes":""},"_links":{"self":[{"href":"https:\/\/www.primogenito.com.br\/br\/wp-json\/wp\/v2\/pages\/13"}],"collection":[{"href":"https:\/\/www.primogenito.com.br\/br\/wp-json\/wp\/v2\/pages"}],"about":[{"href":"https:\/\/www.primogenito.com.br\/br\/wp-json\/wp\/v2\/types\/page"}],"author":[{"embeddable":true,"href":"https:\/\/www.primogenito.com.br\/br\/wp-json\/wp\/v2\/users\/1"}],"replies":[{"embeddable":true,"href":"https:\/\/www.primogenito.com.br\/br\/wp-json\/wp\/v2\/comments?post=13"}],"version-history":[{"count":3,"href":"https:\/\/www.primogenito.com.br\/br\/wp-json\/wp\/v2\/pages\/13\/revisions"}],"predecessor-version":[{"id":16,"href":"https:\/\/www.primogenito.com.br\/br\/wp-json\/wp\/v2\/pages\/13\/revisions\/16"}],"wp:attachment":[{"href":"https:\/\/www.primogenito.com.br\/br\/wp-json\/wp\/v2\/media?parent=13"}],"curies":[{"name":"wp","href":"https:\/\/api.w.org\/{rel}","templated":true}]}}